{"id":638,"date":"2020-08-11T22:27:52","date_gmt":"2020-08-11T22:27:52","guid":{"rendered":"https:\/\/sema-marine.com\/web\/?page_id=638"},"modified":"2021-03-15T14:33:54","modified_gmt":"2021-03-15T14:33:54","slug":"kira-proje","status":"publish","type":"page","link":"https:\/\/sema-marine.com\/web\/kira-proje\/","title":{"rendered":"En Son Kira Projelerimiz"},"content":{"rendered":"\t\t<div data-elementor-type=\"wp-page\" data-elementor-id=\"638\" class=\"elementor elementor-638\">\n\t\t\t\t\t\t\t\t\t<section class=\"elementor-section elementor-top-section elementor-element elementor-element-802ad12 elementor-section-stretched elementor-section-boxed elementor-section-height-default elementor-section-height-default\" data-id=\"802ad12\" data-element_type=\"section\" data-settings=\"{&quot;stretch_section&quot;:&quot;section-stretched&quot;,&quot;background_background&quot;:&quot;gradient&quot;}\">\n\t\t\t\t\t\t<div class=\"elementor-container elementor-column-gap-default\">\n\t\t\t\t\t<div class=\"elementor-column elementor-col-33 elementor-top-column elementor-element elementor-element-b5c96a5\" data-id=\"b5c96a5\" data-element_type=\"column\">\n\t\t\t<div class=\"elementor-widget-wrap\">\n\t\t\t\t\t\t\t\t\t<\/div>\n\t\t<\/div>\n\t\t\t\t<div class=\"elementor-column elementor-col-33 elementor-top-column elementor-element elementor-element-2bbf823\" data-id=\"2bbf823\" data-element_type=\"column\">\n\t\t\t<div class=\"elementor-widget-wrap elementor-element-populated\">\n\t\t\t\t\t\t\t\t<div class=\"elementor-element elementor-element-e613caf elementor-widget elementor-widget-heading\" data-id=\"e613caf\" data-element_type=\"widget\" data-widget_type=\"heading.default\">\n\t\t\t\t<div class=\"elementor-widget-container\">\n\t\t\t<h1 class=\"elementor-heading-title elementor-size-xl\">En Son Kira Projelerimiz<\/h1>\t\t<\/div>\n\t\t\t\t<\/div>\n\t\t\t\t<div class=\"elementor-element elementor-element-17ce11b elementor-widget elementor-widget-text-editor\" data-id=\"17ce11b\" data-element_type=\"widget\" data-widget_type=\"text-editor.default\">\n\t\t\t\t<div class=\"elementor-widget-container\">\n\t\t\t\t\t\t\t<p><em><strong>D\u00fcz Duba<\/strong><\/em> <span style=\"color: #ff0000;\"><a style=\"color: #ff0000;\" href=\"https:\/\/sema-marine.com\/web\/sema-1\/\">Sema-1<\/a><\/span> g\u00fcverte \u00fczerine paletli vin\u00e7 \u00e7\u0131karma, a\u011f\u0131r y\u00fcklerin ta\u015f\u0131nmas\u0131 ve benzeri zorlay\u0131c\u0131 ve b\u00fcy\u00fck bir \u00e7ok kira i\u015fini, T\u00fcrkiye&#8217;nin 1915 \u00c7anakkale K\u00f6pr\u00fcs\u00fc, \u0130zmit K\u00f6rfez K\u00f6pr\u00fcs\u00fc (Osman Gazi K\u00f6pr\u00fcs\u00fc), Hamitabat Enerji Santrali gibi prestijli projelerinde hizmet vererek ba\u015far\u0131 ile tamamlam\u0131\u015ft\u0131r.\u00a0 Daha detayl\u0131 bilgi i\u00e7in l\u00fctfen a\u015fa\u011f\u0131daki ba\u011flant\u0131lar\u0131 kullan\u0131n.<\/p>\t\t\t\t\t\t<\/div>\n\t\t\t\t<\/div>\n\t\t\t\t\t<\/div>\n\t\t<\/div>\n\t\t\t\t<div class=\"elementor-column elementor-col-33 elementor-top-column elementor-element elementor-element-c566d86\" data-id=\"c566d86\" data-element_type=\"column\">\n\t\t\t<div class=\"elementor-widget-wrap\">\n\t\t\t\t\t\t\t\t\t<\/div>\n\t\t<\/div>\n\t\t\t\t\t\t\t<\/div>\n\t\t<\/section>\n\t\t\t\t<section class=\"elementor-section elementor-top-section elementor-element elementor-element-7097b90 elementor-section-boxed elementor-section-height-default elementor-section-height-default\" data-id=\"7097b90\" data-element_type=\"section\" data-settings=\"{&quot;background_background&quot;:&quot;classic&quot;}\">\n\t\t\t\t\t\t<div class=\"elementor-container elementor-column-gap-default\">\n\t\t\t\t\t<div class=\"elementor-column elementor-col-33 elementor-top-column elementor-element elementor-element-1c5c14b\" data-id=\"1c5c14b\" data-element_type=\"column\">\n\t\t\t<div class=\"elementor-widget-wrap elementor-element-populated\">\n\t\t\t\t\t\t\t\t<div class=\"elementor-element elementor-element-db21634 elementor-widget elementor-widget-image\" data-id=\"db21634\" data-element_type=\"widget\" data-widget_type=\"image.default\">\n\t\t\t\t<div class=\"elementor-widget-container\">\n\t\t\t\t\t\t\t\t\t\t\t\t\t\t\t\t<a href=\"https:\/\/sema-marine.com\/web\/osman-gazi-koprusu\/\">\n\t\t\t\t\t\t\t<img decoding=\"async\" src=\"https:\/\/sema-marine.com\/web\/wp-content\/uploads\/2020\/08\/izmit-k\u00f6rfez-k\u00f6pr\u00fcs\u00fc-d\u00fcz-duba-sema-1.jpg\" title=\"izmit-k\u00f6rfez-k\u00f6pr\u00fcs\u00fc-d\u00fcz-duba-sema-1\" alt=\"D\u00fcz Duba - Osman Gazi K\u00f6pr\u00fcs\u00fc\" loading=\"lazy\" \/>\t\t\t\t\t\t\t\t<\/a>\n\t\t\t\t\t\t\t\t\t\t\t\t\t\t\t<\/div>\n\t\t\t\t<\/div>\n\t\t\t\t<div class=\"elementor-element elementor-element-085361a elementor-widget elementor-widget-heading\" data-id=\"085361a\" data-element_type=\"widget\" data-widget_type=\"heading.default\">\n\t\t\t\t<div class=\"elementor-widget-container\">\n\t\t\t<h4 class=\"elementor-heading-title elementor-size-default\"><a href=\"https:\/\/sema-marine.com\/web\/osman-gazi-koprusu\/\">\u0130zmit K\u00f6rfez K\u00f6pr\u00fcs\u00fc<\/a><\/h4>\t\t<\/div>\n\t\t\t\t<\/div>\n\t\t\t\t<div class=\"elementor-element elementor-element-93bc88b elementor-widget elementor-widget-text-editor\" data-id=\"93bc88b\" data-element_type=\"widget\" data-widget_type=\"text-editor.default\">\n\t\t\t\t<div class=\"elementor-widget-container\">\n\t\t\t\t\t\t\t<p>D\u00fcz duba Sema-1, ana y\u00fcklenici Japon IHI firmas\u0131 ile alt ta\u015feron ARAS &#8216;a k\u00f6pr\u00fc in\u015faat\u0131 s\u00fcresince hizmet vermi\u015ftir.<\/p>\t\t\t\t\t\t<\/div>\n\t\t\t\t<\/div>\n\t\t\t\t\t<\/div>\n\t\t<\/div>\n\t\t\t\t<div class=\"elementor-column elementor-col-33 elementor-top-column elementor-element elementor-element-f24110d\" data-id=\"f24110d\" data-element_type=\"column\">\n\t\t\t<div class=\"elementor-widget-wrap elementor-element-populated\">\n\t\t\t\t\t\t\t\t<div class=\"elementor-element elementor-element-298c03e elementor-widget elementor-widget-image\" data-id=\"298c03e\" data-element_type=\"widget\" data-widget_type=\"image.default\">\n\t\t\t\t<div class=\"elementor-widget-container\">\n\t\t\t\t\t\t\t\t\t\t\t\t\t\t\t\t<a href=\"https:\/\/sema-marine.com\/web\/1915-canakkale-koprusu\/\">\n\t\t\t\t\t\t\t<img decoding=\"async\" src=\"https:\/\/sema-marine.com\/web\/wp-content\/uploads\/elementor\/thumbs\/canakkale-vincli-duba-qr0nr260ja2exqfb1bm5exuy77skofrrukh3yj06ve.jpg\" title=\"canakkale-vincli-duba\" alt=\"Kaz\u0131k Dubas\u0131 - 1915 \u00c7anakkale K\u00f6pr\u00fcs\u00fc\" loading=\"lazy\" \/>\t\t\t\t\t\t\t\t<\/a>\n\t\t\t\t\t\t\t\t\t\t\t\t\t\t\t<\/div>\n\t\t\t\t<\/div>\n\t\t\t\t<div class=\"elementor-element elementor-element-0410125 elementor-widget elementor-widget-heading\" data-id=\"0410125\" data-element_type=\"widget\" data-widget_type=\"heading.default\">\n\t\t\t\t<div class=\"elementor-widget-container\">\n\t\t\t<h4 class=\"elementor-heading-title elementor-size-default\"><a href=\"https:\/\/sema-marine.com\/web\/1915-canakkale-koprusu\/\">\u00c7anakkale 1915 K\u00f6pr\u00fcs\u00fc<\/a><\/h4>\t\t<\/div>\n\t\t\t\t<\/div>\n\t\t\t\t<div class=\"elementor-element elementor-element-4e19232 elementor-widget elementor-widget-text-editor\" data-id=\"4e19232\" data-element_type=\"widget\" data-widget_type=\"text-editor.default\">\n\t\t\t\t<div class=\"elementor-widget-container\">\n\t\t\t\t\t\t\t<p>Ana konsorsiyum DLSY (Daelim &#8211; Limak &#8211; SK E&amp;C &#8211; Yap\u0131 Merkezi) &#8216;nin ta\u015feronu olan Unitek \u0130n\u015faat, deniz i\u00e7erisindeki k\u00f6pr\u00fc ayaklar\u0131 zeminine kaz\u0131k \u00e7akmak i\u00e7in g\u00fcverte dubas\u0131 Sema-1 &#8216;i kaz\u0131k dubas\u0131 olarak kullanm\u0131\u015ft\u0131r.\u00a0<\/p>\t\t\t\t\t\t<\/div>\n\t\t\t\t<\/div>\n\t\t\t\t\t<\/div>\n\t\t<\/div>\n\t\t\t\t<div class=\"elementor-column elementor-col-33 elementor-top-column elementor-element elementor-element-ca27630\" data-id=\"ca27630\" data-element_type=\"column\">\n\t\t\t<div class=\"elementor-widget-wrap elementor-element-populated\">\n\t\t\t\t\t\t\t\t<div class=\"elementor-element elementor-element-7ecf6ca elementor-widget elementor-widget-image\" data-id=\"7ecf6ca\" data-element_type=\"widget\" data-widget_type=\"image.default\">\n\t\t\t\t<div class=\"elementor-widget-container\">\n\t\t\t\t\t\t\t\t\t\t\t\t\t\t\t\t<a href=\"https:\/\/sema-marine.com\/web\/duba-agir-yuk-tasima\/\">\n\t\t\t\t\t\t\t<img decoding=\"async\" src=\"https:\/\/sema-marine.com\/web\/wp-content\/uploads\/elementor\/thumbs\/hamitabat-trafo-tasima-qr0nr260ja2exqfb1bm5exuy77skofrrukh3yj06ve.png\" title=\"hamitabat-trafo-tasima\" alt=\"Duba ile a\u011f\u0131r y\u00fck ta\u015f\u0131ma\" loading=\"lazy\" \/>\t\t\t\t\t\t\t\t<\/a>\n\t\t\t\t\t\t\t\t\t\t\t\t\t\t\t<\/div>\n\t\t\t\t<\/div>\n\t\t\t\t<div class=\"elementor-element elementor-element-89190af elementor-widget elementor-widget-heading\" data-id=\"89190af\" data-element_type=\"widget\" data-widget_type=\"heading.default\">\n\t\t\t\t<div class=\"elementor-widget-container\">\n\t\t\t<h4 class=\"elementor-heading-title elementor-size-default\"><a href=\"https:\/\/sema-marine.com\/web\/duba-agir-yuk-tasima\/\">Hamitabat Enerji Santrali Trafolar\u0131n\u0131n Ta\u015f\u0131nmas\u0131<\/a><\/h4>\t\t<\/div>\n\t\t\t\t<\/div>\n\t\t\t\t<div class=\"elementor-element elementor-element-f6e3d48 elementor-widget elementor-widget-text-editor\" data-id=\"f6e3d48\" data-element_type=\"widget\" data-widget_type=\"text-editor.default\">\n\t\t\t\t<div class=\"elementor-widget-container\">\n\t\t\t\t\t\t\t<p>A\u011f\u0131r y\u00fck ta\u015f\u0131mac\u0131l\u0131\u011f\u0131 liderlerinden Hareket Proje, her biri 450 ton olan Hamitabat enerji santrali trafolar\u0131n\u0131 Sema-1 d\u00fcz dubas\u0131 ile denizden ta\u015f\u0131m\u0131\u015ft\u0131r.<\/p>\t\t\t\t\t\t<\/div>\n\t\t\t\t<\/div>\n\t\t\t\t\t<\/div>\n\t\t<\/div>\n\t\t\t\t\t\t\t<\/div>\n\t\t<\/section>\n\t\t\t\t\t\t\t<\/div>\n\t\t","protected":false},"excerpt":{"rendered":"<p>En Son Kira Projelerimiz D\u00fcz Duba Sema-1 g\u00fcverte \u00fczerine paletli vin\u00e7 \u00e7\u0131karma, a\u011f\u0131r y\u00fcklerin ta\u015f\u0131nmas\u0131 ve benzeri zorlay\u0131c\u0131 ve b\u00fcy\u00fck bir \u00e7ok kira i\u015fini, T\u00fcrkiye&#8217;nin 1915 \u00c7anakkale K\u00f6pr\u00fcs\u00fc, \u0130zmit K\u00f6rfez K\u00f6pr\u00fcs\u00fc (Osman Gazi K\u00f6pr\u00fcs\u00fc), Hamitabat Enerji Santrali gibi prestijli projelerinde hizmet vererek ba\u015far\u0131 ile tamamlam\u0131\u015ft\u0131r.&nbsp; Daha detayl\u0131 bilgi i\u00e7in l\u00fctfen a\u015fa\u011f\u0131daki ba\u011flant\u0131lar\u0131 kullan\u0131n. \u0130zmit K\u00f6rfez [&hellip;]<\/p>\n","protected":false},"author":1,"featured_media":0,"parent":0,"menu_order":0,"comment_status":"closed","ping_status":"closed","template":"elementor_header_footer","meta":{"footnotes":""},"class_list":["post-638","page","type-page","status-publish","hentry"],"_links":{"self":[{"href":"https:\/\/sema-marine.com\/web\/wp-json\/wp\/v2\/pages\/638","targetHints":{"allow":["GET"]}}],"collection":[{"href":"https:\/\/sema-marine.com\/web\/wp-json\/wp\/v2\/pages"}],"about":[{"href":"https:\/\/sema-marine.com\/web\/wp-json\/wp\/v2\/types\/page"}],"author":[{"embeddable":true,"href":"https:\/\/sema-marine.com\/web\/wp-json\/wp\/v2\/users\/1"}],"replies":[{"embeddable":true,"href":"https:\/\/sema-marine.com\/web\/wp-json\/wp\/v2\/comments?post=638"}],"version-history":[{"count":18,"href":"https:\/\/sema-marine.com\/web\/wp-json\/wp\/v2\/pages\/638\/revisions"}],"predecessor-version":[{"id":806,"href":"https:\/\/sema-marine.com\/web\/wp-json\/wp\/v2\/pages\/638\/revisions\/806"}],"wp:attachment":[{"href":"https:\/\/sema-marine.com\/web\/wp-json\/wp\/v2\/media?parent=638"}],"curies":[{"name":"wp","href":"https:\/\/api.w.org\/{rel}","templated":true}]}}