{"id":473,"date":"2018-08-07T06:01:56","date_gmt":"2018-08-07T06:01:56","guid":{"rendered":"https:\/\/demo.themegrill.com\/zakra-business\/?page_id=5"},"modified":"2023-12-13T06:51:11","modified_gmt":"2023-12-13T06:51:11","slug":"home","status":"publish","type":"page","link":"https:\/\/sema-marine.com\/web\/","title":{"rendered":"Home"},"content":{"rendered":"\t\t<div data-elementor-type=\"wp-post\" data-elementor-id=\"473\" class=\"elementor elementor-473\">\n\t\t\t\t\t\t\t\t\t<section class=\"elementor-section elementor-top-section elementor-element elementor-element-fea424f elementor-section-stretched elementor-section-height-full elementor-section-content-middle elementor-section-boxed elementor-section-height-default elementor-section-items-middle\" data-id=\"fea424f\" data-element_type=\"section\" data-settings=\"{&quot;stretch_section&quot;:&quot;section-stretched&quot;,&quot;background_background&quot;:&quot;classic&quot;}\">\n\t\t\t\t\t\t\t<div class=\"elementor-background-overlay\"><\/div>\n\t\t\t\t\t\t\t<div class=\"elementor-container elementor-column-gap-no\">\n\t\t\t\t\t<div class=\"elementor-column elementor-col-100 elementor-top-column elementor-element elementor-element-ae96bd1\" data-id=\"ae96bd1\" data-element_type=\"column\" data-settings=\"{&quot;background_background&quot;:&quot;classic&quot;}\">\n\t\t\t<div class=\"elementor-widget-wrap elementor-element-populated\">\n\t\t\t\t\t\t\t\t<section class=\"elementor-section elementor-inner-section elementor-element elementor-element-af440b3 elementor-section-boxed elementor-section-height-default elementor-section-height-default\" data-id=\"af440b3\" data-element_type=\"section\">\n\t\t\t\t\t\t<div class=\"elementor-container elementor-column-gap-no\">\n\t\t\t\t\t<div class=\"elementor-column elementor-col-50 elementor-inner-column elementor-element elementor-element-4e37c1c\" data-id=\"4e37c1c\" data-element_type=\"column\">\n\t\t\t<div class=\"elementor-widget-wrap elementor-element-populated\">\n\t\t\t\t\t\t\t\t<div class=\"elementor-element elementor-element-4dc48cf elementor-widget__width-initial elementor-widget elementor-widget-heading\" data-id=\"4dc48cf\" data-element_type=\"widget\" data-widget_type=\"heading.default\">\n\t\t\t\t<div class=\"elementor-widget-container\">\n\t\t\t<h1 class=\"elementor-heading-title elementor-size-default\"><br>Sema Marine <br>\nD\u00fcz Duba &amp; Romork\u00f6r<\/h1>\t\t<\/div>\n\t\t\t\t<\/div>\n\t\t\t\t<div class=\"elementor-element elementor-element-f6ba305 elementor-widget elementor-widget-text-editor\" data-id=\"f6ba305\" data-element_type=\"widget\" data-widget_type=\"text-editor.default\">\n\t\t\t\t<div class=\"elementor-widget-container\">\n\t\t\t\t\t\t\t<p>Neye ihtiya\u00e7 duydu\u011funuzu bize bildirin yeter.<\/p>\t\t\t\t\t\t<\/div>\n\t\t\t\t<\/div>\n\t\t\t\t\t<\/div>\n\t\t<\/div>\n\t\t\t\t<div class=\"elementor-column elementor-col-50 elementor-inner-column elementor-element elementor-element-4394954\" data-id=\"4394954\" data-element_type=\"column\">\n\t\t\t<div class=\"elementor-widget-wrap\">\n\t\t\t\t\t\t\t\t\t<\/div>\n\t\t<\/div>\n\t\t\t\t\t\t\t<\/div>\n\t\t<\/section>\n\t\t\t\t\t<\/div>\n\t\t<\/div>\n\t\t\t\t\t\t\t<\/div>\n\t\t<\/section>\n\t\t\t\t<section class=\"elementor-section elementor-top-section elementor-element elementor-element-2181a15 elementor-section-stretched elementor-section-boxed elementor-section-height-default elementor-section-height-default\" data-id=\"2181a15\" data-element_type=\"section\" data-settings=\"{&quot;stretch_section&quot;:&quot;section-stretched&quot;,&quot;background_background&quot;:&quot;classic&quot;}\">\n\t\t\t\t\t\t<div class=\"elementor-container elementor-column-gap-default\">\n\t\t\t\t\t<div class=\"elementor-column elementor-col-33 elementor-top-column elementor-element elementor-element-2f01578\" data-id=\"2f01578\" data-element_type=\"column\">\n\t\t\t<div class=\"elementor-widget-wrap elementor-element-populated\">\n\t\t\t\t\t\t\t\t<div class=\"elementor-element elementor-element-fce781e elementor-view-default elementor-widget elementor-widget-icon\" data-id=\"fce781e\" data-element_type=\"widget\" data-widget_type=\"icon.default\">\n\t\t\t\t<div class=\"elementor-widget-container\">\n\t\t\t\t\t<div class=\"elementor-icon-wrapper\">\n\t\t\t<div class=\"elementor-icon\">\n\t\t\t<i aria-hidden=\"true\" class=\"fas fa-rocket\"><\/i>\t\t\t<\/div>\n\t\t<\/div>\n\t\t\t\t<\/div>\n\t\t\t\t<\/div>\n\t\t\t\t<div class=\"elementor-element elementor-element-42ff752 elementor-widget elementor-widget-heading\" data-id=\"42ff752\" data-element_type=\"widget\" data-widget_type=\"heading.default\">\n\t\t\t\t<div class=\"elementor-widget-container\">\n\t\t\t<h3 class=\"elementor-heading-title elementor-size-default\">Misyonumuz<\/h3>\t\t<\/div>\n\t\t\t\t<\/div>\n\t\t\t\t<div class=\"elementor-element elementor-element-3914490 elementor-widget elementor-widget-text-editor\" data-id=\"3914490\" data-element_type=\"widget\" data-widget_type=\"text-editor.default\">\n\t\t\t\t<div class=\"elementor-widget-container\">\n\t\t\t\t\t\t\t<p>Sema Marine &#8216;in misyonu, denizcilik sekt\u00f6r\u00fcn\u00fcn bir \u00fcyesi olarak; istisnai, g\u00fcvenli ve kaliteli hizmet sunmak. M\u00fc\u015fteri odakl\u0131 yakla\u015f\u0131m\u0131 sayesinde, m\u00fc\u015fterilerin hedeflerine ula\u015fmas\u0131n\u0131 sa\u011flamakt\u0131r.<\/p>\t\t\t\t\t\t<\/div>\n\t\t\t\t<\/div>\n\t\t\t\t\t<\/div>\n\t\t<\/div>\n\t\t\t\t<div class=\"elementor-column elementor-col-33 elementor-top-column elementor-element elementor-element-d1f5955\" data-id=\"d1f5955\" data-element_type=\"column\">\n\t\t\t<div class=\"elementor-widget-wrap elementor-element-populated\">\n\t\t\t\t\t\t\t\t<div class=\"elementor-element elementor-element-48ba6b4 elementor-view-default elementor-widget elementor-widget-icon\" data-id=\"48ba6b4\" data-element_type=\"widget\" data-widget_type=\"icon.default\">\n\t\t\t\t<div class=\"elementor-widget-container\">\n\t\t\t\t\t<div class=\"elementor-icon-wrapper\">\n\t\t\t<div class=\"elementor-icon\">\n\t\t\t<i aria-hidden=\"true\" class=\"far fa-eye\"><\/i>\t\t\t<\/div>\n\t\t<\/div>\n\t\t\t\t<\/div>\n\t\t\t\t<\/div>\n\t\t\t\t<div class=\"elementor-element elementor-element-bca2804 elementor-widget elementor-widget-heading\" data-id=\"bca2804\" data-element_type=\"widget\" data-widget_type=\"heading.default\">\n\t\t\t\t<div class=\"elementor-widget-container\">\n\t\t\t<h3 class=\"elementor-heading-title elementor-size-default\">Vizyonumuz<\/h3>\t\t<\/div>\n\t\t\t\t<\/div>\n\t\t\t\t<div class=\"elementor-element elementor-element-bf57ba9 elementor-widget elementor-widget-text-editor\" data-id=\"bf57ba9\" data-element_type=\"widget\" data-widget_type=\"text-editor.default\">\n\t\t\t\t<div class=\"elementor-widget-container\">\n\t\t\t\t\t\t\t<p>Vizyonumuz, siz de\u011ferli m\u00fc\u015fterilerimiz i\u00e7in d\u00fcz duba, mavna, pontoon, deniz in\u015faat\u0131 ekipmanlar\u0131 ve yeni in\u015faa hizmetleri sunarak, Karadeniz ve Akdeniz b\u00f6lgelerinde \u00f6nemli firmalar aras\u0131nda yer almakt\u0131r.<\/p>\t\t\t\t\t\t<\/div>\n\t\t\t\t<\/div>\n\t\t\t\t\t<\/div>\n\t\t<\/div>\n\t\t\t\t<div class=\"elementor-column elementor-col-33 elementor-top-column elementor-element elementor-element-850b970\" data-id=\"850b970\" data-element_type=\"column\">\n\t\t\t<div class=\"elementor-widget-wrap elementor-element-populated\">\n\t\t\t\t\t\t\t\t<div class=\"elementor-element elementor-element-5a1a60c elementor-view-default elementor-widget elementor-widget-icon\" data-id=\"5a1a60c\" data-element_type=\"widget\" data-widget_type=\"icon.default\">\n\t\t\t\t<div class=\"elementor-widget-container\">\n\t\t\t\t\t<div class=\"elementor-icon-wrapper\">\n\t\t\t<div class=\"elementor-icon\">\n\t\t\t<i aria-hidden=\"true\" class=\"far fa-lightbulb\"><\/i>\t\t\t<\/div>\n\t\t<\/div>\n\t\t\t\t<\/div>\n\t\t\t\t<\/div>\n\t\t\t\t<div class=\"elementor-element elementor-element-b54ffcd elementor-widget elementor-widget-heading\" data-id=\"b54ffcd\" data-element_type=\"widget\" data-widget_type=\"heading.default\">\n\t\t\t\t<div class=\"elementor-widget-container\">\n\t\t\t<h3 class=\"elementor-heading-title elementor-size-default\">\u0130lkelerimiz<\/h3>\t\t<\/div>\n\t\t\t\t<\/div>\n\t\t\t\t<div class=\"elementor-element elementor-element-f087843 elementor-widget elementor-widget-text-editor\" data-id=\"f087843\" data-element_type=\"widget\" data-widget_type=\"text-editor.default\">\n\t\t\t\t<div class=\"elementor-widget-container\">\n\t\t\t\t\t\t\t<p>G\u00fcvenlik<br \/>Kalite<br \/>\u0130\u015f Tecr\u00fcbesi<br \/>M\u00fc\u015fteri Memnuniyeti<br \/>S\u00fcrd\u00fcr\u00fclebilirlik<\/p>\t\t\t\t\t\t<\/div>\n\t\t\t\t<\/div>\n\t\t\t\t\t<\/div>\n\t\t<\/div>\n\t\t\t\t\t\t\t<\/div>\n\t\t<\/section>\n\t\t\t\t<section class=\"elementor-section elementor-top-section elementor-element elementor-element-06c1842 elementor-section-stretched elementor-section-boxed elementor-section-height-default elementor-section-height-default\" data-id=\"06c1842\" data-element_type=\"section\" data-settings=\"{&quot;stretch_section&quot;:&quot;section-stretched&quot;,&quot;background_background&quot;:&quot;classic&quot;}\">\n\t\t\t\t\t\t<div class=\"elementor-container elementor-column-gap-no\">\n\t\t\t\t\t<div class=\"elementor-column elementor-col-100 elementor-top-column elementor-element elementor-element-c2a54e7\" data-id=\"c2a54e7\" data-element_type=\"column\">\n\t\t\t<div class=\"elementor-widget-wrap elementor-element-populated\">\n\t\t\t\t\t\t\t\t<div class=\"elementor-element elementor-element-00d8358 elementor-widget elementor-widget-text-editor\" data-id=\"00d8358\" data-element_type=\"widget\" data-widget_type=\"text-editor.default\">\n\t\t\t\t<div class=\"elementor-widget-container\">\n\t\t\t\t\t\t\t<h3>Baz\u0131 referanslar\u0131m\u0131z<\/h3>\t\t\t\t\t\t<\/div>\n\t\t\t\t<\/div>\n\t\t\t\t<section class=\"elementor-section elementor-inner-section elementor-element elementor-element-16238fa elementor-section-content-middle elementor-section-boxed elementor-section-height-default elementor-section-height-default\" data-id=\"16238fa\" data-element_type=\"section\">\n\t\t\t\t\t\t<div class=\"elementor-container elementor-column-gap-default\">\n\t\t\t\t\t<div class=\"elementor-column elementor-col-20 elementor-inner-column elementor-element elementor-element-2cf75e7\" data-id=\"2cf75e7\" data-element_type=\"column\">\n\t\t\t<div class=\"elementor-widget-wrap elementor-element-populated\">\n\t\t\t\t\t\t\t\t<div class=\"elementor-element elementor-element-1eed324 elementor-widget elementor-widget-image\" data-id=\"1eed324\" data-element_type=\"widget\" data-widget_type=\"image.default\">\n\t\t\t\t<div class=\"elementor-widget-container\">\n\t\t\t\t\t\t\t\t\t\t\t\t\t\t\t<img decoding=\"async\" width=\"185\" height=\"43\" src=\"https:\/\/sema-marine.com\/web\/wp-content\/uploads\/2020\/08\/unitek.jpg\" class=\"attachment-large size-large wp-image-536\" alt=\"Kiral\u0131k Duba Referans\" \/>\t\t\t\t\t\t\t\t\t\t\t\t\t\t\t<\/div>\n\t\t\t\t<\/div>\n\t\t\t\t\t<\/div>\n\t\t<\/div>\n\t\t\t\t<div class=\"elementor-column elementor-col-20 elementor-inner-column elementor-element elementor-element-bc968f1\" data-id=\"bc968f1\" data-element_type=\"column\">\n\t\t\t<div class=\"elementor-widget-wrap elementor-element-populated\">\n\t\t\t\t\t\t\t\t<div class=\"elementor-element elementor-element-e878e89 elementor-widget elementor-widget-image\" data-id=\"e878e89\" data-element_type=\"widget\" data-widget_type=\"image.default\">\n\t\t\t\t<div class=\"elementor-widget-container\">\n\t\t\t\t\t\t\t\t\t\t\t\t\t\t\t<img decoding=\"async\" width=\"197\" height=\"47\" src=\"https:\/\/sema-marine.com\/web\/wp-content\/uploads\/2020\/08\/hareketn.png\" class=\"attachment-large size-large wp-image-537\" alt=\"D\u00fcz Duba Referans\" \/>\t\t\t\t\t\t\t\t\t\t\t\t\t\t\t<\/div>\n\t\t\t\t<\/div>\n\t\t\t\t\t<\/div>\n\t\t<\/div>\n\t\t\t\t<div class=\"elementor-column elementor-col-20 elementor-inner-column elementor-element elementor-element-c77fdf2\" data-id=\"c77fdf2\" data-element_type=\"column\">\n\t\t\t<div class=\"elementor-widget-wrap elementor-element-populated\">\n\t\t\t\t\t\t\t\t<div class=\"elementor-element elementor-element-e8c6cd8 elementor-widget elementor-widget-image\" data-id=\"e8c6cd8\" data-element_type=\"widget\" data-widget_type=\"image.default\">\n\t\t\t\t<div class=\"elementor-widget-container\">\n\t\t\t\t\t\t\t\t\t\t\t\t\t\t\t<img decoding=\"async\" width=\"155\" height=\"67\" src=\"https:\/\/sema-marine.com\/web\/wp-content\/uploads\/2020\/08\/ars.jpg\" class=\"attachment-large size-large wp-image-538\" alt=\"Vin\u00e7li Duba Referans\" \/>\t\t\t\t\t\t\t\t\t\t\t\t\t\t\t<\/div>\n\t\t\t\t<\/div>\n\t\t\t\t\t<\/div>\n\t\t<\/div>\n\t\t\t\t<div class=\"elementor-column elementor-col-20 elementor-inner-column elementor-element elementor-element-24c3301\" data-id=\"24c3301\" data-element_type=\"column\">\n\t\t\t<div class=\"elementor-widget-wrap elementor-element-populated\">\n\t\t\t\t\t\t\t\t<div class=\"elementor-element elementor-element-3e7e41e elementor-widget elementor-widget-image\" data-id=\"3e7e41e\" data-element_type=\"widget\" data-widget_type=\"image.default\">\n\t\t\t\t<div class=\"elementor-widget-container\">\n\t\t\t\t\t\t\t\t\t\t\t\t\t\t\t<img loading=\"lazy\" decoding=\"async\" width=\"200\" height=\"50\" src=\"https:\/\/sema-marine.com\/web\/wp-content\/uploads\/2020\/08\/stfan.png\" class=\"attachment-large size-large wp-image-539\" alt=\"Sat\u0131l\u0131k D\u00fcz Duba Referans\" \/>\t\t\t\t\t\t\t\t\t\t\t\t\t\t\t<\/div>\n\t\t\t\t<\/div>\n\t\t\t\t\t<\/div>\n\t\t<\/div>\n\t\t\t\t<div class=\"elementor-column elementor-col-20 elementor-inner-column elementor-element elementor-element-a66db37\" data-id=\"a66db37\" data-element_type=\"column\">\n\t\t\t<div class=\"elementor-widget-wrap elementor-element-populated\">\n\t\t\t\t\t\t\t\t<div class=\"elementor-element elementor-element-853cf23 elementor-widget elementor-widget-image\" data-id=\"853cf23\" data-element_type=\"widget\" data-widget_type=\"image.default\">\n\t\t\t\t<div class=\"elementor-widget-container\">\n\t\t\t\t\t\t\t\t\t\t\t\t\t\t\t<img loading=\"lazy\" decoding=\"async\" width=\"84\" height=\"32\" src=\"https:\/\/sema-marine.com\/web\/wp-content\/uploads\/2020\/08\/ihi.png\" class=\"attachment-full size-full wp-image-540\" alt=\"D\u00fcz Duba Pontoon Referans\" \/>\t\t\t\t\t\t\t\t\t\t\t\t\t\t\t<\/div>\n\t\t\t\t<\/div>\n\t\t\t\t\t<\/div>\n\t\t<\/div>\n\t\t\t\t\t\t\t<\/div>\n\t\t<\/section>\n\t\t\t\t\t<\/div>\n\t\t<\/div>\n\t\t\t\t\t\t\t<\/div>\n\t\t<\/section>\n\t\t\t\t<section class=\"elementor-section elementor-top-section elementor-element elementor-element-c267419 elementor-section-stretched elementor-section-boxed elementor-section-height-default elementor-section-height-default\" data-id=\"c267419\" data-element_type=\"section\" data-settings=\"{&quot;background_background&quot;:&quot;classic&quot;,&quot;stretch_section&quot;:&quot;section-stretched&quot;}\">\n\t\t\t\t\t\t<div class=\"elementor-container elementor-column-gap-default\">\n\t\t\t\t\t<div class=\"elementor-column elementor-col-100 elementor-top-column elementor-element elementor-element-7769a67\" data-id=\"7769a67\" data-element_type=\"column\">\n\t\t\t<div class=\"elementor-widget-wrap elementor-element-populated\">\n\t\t\t\t\t\t\t\t<div class=\"elementor-element elementor-element-07e865e elementor-widget elementor-widget-text-editor\" data-id=\"07e865e\" data-element_type=\"widget\" data-widget_type=\"text-editor.default\">\n\t\t\t\t<div class=\"elementor-widget-container\">\n\t\t\t\t\t\t\t\t\t\t\t\t\t<\/div>\n\t\t\t\t<\/div>\n\t\t\t\t<div class=\"elementor-element elementor-element-57e2e1c elementor-widget elementor-widget-heading\" data-id=\"57e2e1c\" data-element_type=\"widget\" data-widget_type=\"heading.default\">\n\t\t\t\t<div class=\"elementor-widget-container\">\n\t\t\t<h2 class=\"elementor-heading-title elementor-size-large\"><a href=\"https:\/\/sema-marine.com\/web\/kira-proje\/\" title=\"Latest Charter Projects\">En Son Kira Projelerimiz<\/a><\/h2>\t\t<\/div>\n\t\t\t\t<\/div>\n\t\t\t\t<div class=\"elementor-element elementor-element-bcb9113 elementor-widget elementor-widget-text-editor\" data-id=\"bcb9113\" data-element_type=\"widget\" data-widget_type=\"text-editor.default\">\n\t\t\t\t<div class=\"elementor-widget-container\">\n\t\t\t\t\t\t\t<p>Ba\u015faral\u0131 ile tamamlad\u0131\u011f\u0131m\u0131z kira projelerimizden bir ka\u00e7\u0131.<\/p>\t\t\t\t\t\t<\/div>\n\t\t\t\t<\/div>\n\t\t\t\t<section class=\"elementor-section elementor-inner-section elementor-element elementor-element-9b7aa2e elementor-section-boxed elementor-section-height-default elementor-section-height-default\" data-id=\"9b7aa2e\" data-element_type=\"section\">\n\t\t\t\t\t\t<div class=\"elementor-container elementor-column-gap-no\">\n\t\t\t\t\t<div class=\"elementor-column elementor-col-100 elementor-inner-column elementor-element elementor-element-473bd2c\" data-id=\"473bd2c\" data-element_type=\"column\" data-settings=\"{&quot;background_background&quot;:&quot;classic&quot;}\">\n\t\t\t<div class=\"elementor-widget-wrap elementor-element-populated\">\n\t\t\t\t\t\t\t\t<div class=\"elementor-element elementor-element-e3f08da elementor-widget elementor-widget-image\" data-id=\"e3f08da\" data-element_type=\"widget\" data-widget_type=\"image.default\">\n\t\t\t\t<div class=\"elementor-widget-container\">\n\t\t\t\t\t\t\t\t\t\t\t\t\t\t\t\t<a href=\"https:\/\/sema-marine.com\/web\/osman-gazi-koprusu\/\">\n\t\t\t\t\t\t\t<img loading=\"lazy\" decoding=\"async\" width=\"300\" height=\"225\" src=\"https:\/\/sema-marine.com\/web\/wp-content\/uploads\/2020\/08\/izmit-k\u00f6rfez-k\u00f6pr\u00fcs\u00fc-d\u00fcz-duba-sema-1-300x225.jpg\" class=\"attachment-medium size-medium wp-image-544\" alt=\"D\u00fcz Duba - Osman Gazi K\u00f6pr\u00fcs\u00fc\" srcset=\"https:\/\/sema-marine.com\/web\/wp-content\/uploads\/2020\/08\/izmit-k\u00f6rfez-k\u00f6pr\u00fcs\u00fc-d\u00fcz-duba-sema-1-300x225.jpg 300w, https:\/\/sema-marine.com\/web\/wp-content\/uploads\/2020\/08\/izmit-k\u00f6rfez-k\u00f6pr\u00fcs\u00fc-d\u00fcz-duba-sema-1-1024x768.jpg 1024w, https:\/\/sema-marine.com\/web\/wp-content\/uploads\/2020\/08\/izmit-k\u00f6rfez-k\u00f6pr\u00fcs\u00fc-d\u00fcz-duba-sema-1-768x576.jpg 768w, https:\/\/sema-marine.com\/web\/wp-content\/uploads\/2020\/08\/izmit-k\u00f6rfez-k\u00f6pr\u00fcs\u00fc-d\u00fcz-duba-sema-1.jpg 1280w\" sizes=\"(max-width: 300px) 100vw, 300px\" \/>\t\t\t\t\t\t\t\t<\/a>\n\t\t\t\t\t\t\t\t\t\t\t\t\t\t\t<\/div>\n\t\t\t\t<\/div>\n\t\t\t\t<div class=\"elementor-element elementor-element-053ad9a elementor-widget elementor-widget-heading\" data-id=\"053ad9a\" data-element_type=\"widget\" data-widget_type=\"heading.default\">\n\t\t\t\t<div class=\"elementor-widget-container\">\n\t\t\t<h3 class=\"elementor-heading-title elementor-size-medium\"><a href=\"https:\/\/sema-marine.com\/web\/osman-gazi-koprusu\/\">\u0130zmit K\u00f6rfez K\u00f6pr\u00fcs\u00fc<\/a><\/h3>\t\t<\/div>\n\t\t\t\t<\/div>\n\t\t\t\t\t<\/div>\n\t\t<\/div>\n\t\t\t\t<div class=\"elementor-column elementor-col-100 elementor-inner-column elementor-element elementor-element-fa40cd1\" data-id=\"fa40cd1\" data-element_type=\"column\" data-settings=\"{&quot;background_background&quot;:&quot;classic&quot;}\">\n\t\t\t<div class=\"elementor-widget-wrap elementor-element-populated\">\n\t\t\t\t\t\t\t\t<div class=\"elementor-element elementor-element-dd8a8a0 elementor-widget elementor-widget-image\" data-id=\"dd8a8a0\" data-element_type=\"widget\" data-widget_type=\"image.default\">\n\t\t\t\t<div class=\"elementor-widget-container\">\n\t\t\t\t\t\t\t\t\t\t\t\t\t\t\t\t<a href=\"https:\/\/sema-marine.com\/web\/1915-canakkale-koprusu\/\">\n\t\t\t\t\t\t\t<img loading=\"lazy\" decoding=\"async\" width=\"300\" height=\"170\" src=\"https:\/\/sema-marine.com\/web\/wp-content\/uploads\/2020\/08\/canakkale-vincli-duba-300x170.jpg\" class=\"attachment-medium size-medium wp-image-546\" alt=\"Kaz\u0131k Dubas\u0131 - 1915 \u00c7anakkale K\u00f6pr\u00fcs\u00fc\" srcset=\"https:\/\/sema-marine.com\/web\/wp-content\/uploads\/2020\/08\/canakkale-vincli-duba-300x170.jpg 300w, https:\/\/sema-marine.com\/web\/wp-content\/uploads\/2020\/08\/canakkale-vincli-duba-768x435.jpg 768w, https:\/\/sema-marine.com\/web\/wp-content\/uploads\/2020\/08\/canakkale-vincli-duba.jpg 848w\" sizes=\"(max-width: 300px) 100vw, 300px\" \/>\t\t\t\t\t\t\t\t<\/a>\n\t\t\t\t\t\t\t\t\t\t\t\t\t\t\t<\/div>\n\t\t\t\t<\/div>\n\t\t\t\t<div class=\"elementor-element elementor-element-f4a77da elementor-widget elementor-widget-text-editor\" data-id=\"f4a77da\" data-element_type=\"widget\" data-widget_type=\"text-editor.default\">\n\t\t\t\t<div class=\"elementor-widget-container\">\n\t\t\t\t\t\t\t\t\t\t\t\t\t<\/div>\n\t\t\t\t<\/div>\n\t\t\t\t<div class=\"elementor-element elementor-element-e760fb9 elementor-widget elementor-widget-heading\" data-id=\"e760fb9\" data-element_type=\"widget\" data-widget_type=\"heading.default\">\n\t\t\t\t<div class=\"elementor-widget-container\">\n\t\t\t<h3 class=\"elementor-heading-title elementor-size-medium\"><a href=\"https:\/\/sema-marine.com\/web\/1915-canakkale-koprusu\/\" title=\"Canakkale 1915 Bridge Project\">\u00c7anakkale 1915 K\u00f6pr\u00fcs\u00fc<\/a><\/h3>\t\t<\/div>\n\t\t\t\t<\/div>\n\t\t\t\t<div class=\"elementor-element elementor-element-a859197 elementor-widget elementor-widget-text-editor\" data-id=\"a859197\" data-element_type=\"widget\" data-widget_type=\"text-editor.default\">\n\t\t\t\t<div class=\"elementor-widget-container\">\n\t\t\t\t\t\t\t\t\t\t\t\t\t<\/div>\n\t\t\t\t<\/div>\n\t\t\t\t\t<\/div>\n\t\t<\/div>\n\t\t\t\t<div class=\"elementor-column elementor-col-100 elementor-inner-column elementor-element elementor-element-dc03ff2\" data-id=\"dc03ff2\" data-element_type=\"column\" data-settings=\"{&quot;background_background&quot;:&quot;classic&quot;}\">\n\t\t\t<div class=\"elementor-widget-wrap elementor-element-populated\">\n\t\t\t\t\t\t\t\t<div class=\"elementor-element elementor-element-b17c9d8 elementor-widget elementor-widget-image\" data-id=\"b17c9d8\" data-element_type=\"widget\" data-widget_type=\"image.default\">\n\t\t\t\t<div class=\"elementor-widget-container\">\n\t\t\t\t\t\t\t\t\t\t\t\t\t\t\t\t<a href=\"https:\/\/sema-marine.com\/web\/duba-agir-yuk-tasima\/\">\n\t\t\t\t\t\t\t<img loading=\"lazy\" decoding=\"async\" width=\"300\" height=\"169\" src=\"https:\/\/sema-marine.com\/web\/wp-content\/uploads\/2020\/08\/hamitabat-trafo-tasima-300x169.png\" class=\"attachment-medium size-medium wp-image-548\" alt=\"Duba ile a\u011f\u0131r y\u00fck ta\u015f\u0131ma\" srcset=\"https:\/\/sema-marine.com\/web\/wp-content\/uploads\/2020\/08\/hamitabat-trafo-tasima-300x169.png 300w, https:\/\/sema-marine.com\/web\/wp-content\/uploads\/2020\/08\/hamitabat-trafo-tasima.png 600w\" sizes=\"(max-width: 300px) 100vw, 300px\" \/>\t\t\t\t\t\t\t\t<\/a>\n\t\t\t\t\t\t\t\t\t\t\t\t\t\t\t<\/div>\n\t\t\t\t<\/div>\n\t\t\t\t<div class=\"elementor-element elementor-element-8ea2f3c elementor-widget elementor-widget-text-editor\" data-id=\"8ea2f3c\" data-element_type=\"widget\" data-widget_type=\"text-editor.default\">\n\t\t\t\t<div class=\"elementor-widget-container\">\n\t\t\t\t\t\t\t\t\t\t\t\t\t<\/div>\n\t\t\t\t<\/div>\n\t\t\t\t<div class=\"elementor-element elementor-element-f36ee99 elementor-widget elementor-widget-heading\" data-id=\"f36ee99\" data-element_type=\"widget\" data-widget_type=\"heading.default\">\n\t\t\t\t<div class=\"elementor-widget-container\">\n\t\t\t<h3 class=\"elementor-heading-title elementor-size-medium\"><a href=\"https:\/\/sema-marine.com\/web\/duba-agir-yuk-tasima\/\" title=\"Hamitabat Powerplant Transformers Transportation\">Hamitabat Santrali Trafolar\u0131n\u0131n Deniz Ta\u015f\u0131mas\u0131<\/a><\/h3>\t\t<\/div>\n\t\t\t\t<\/div>\n\t\t\t\t<div class=\"elementor-element elementor-element-d41b275 elementor-widget elementor-widget-text-editor\" data-id=\"d41b275\" data-element_type=\"widget\" data-widget_type=\"text-editor.default\">\n\t\t\t\t<div class=\"elementor-widget-container\">\n\t\t\t\t\t\t\t\t\t\t\t\t\t<\/div>\n\t\t\t\t<\/div>\n\t\t\t\t\t<\/div>\n\t\t<\/div>\n\t\t\t\t\t\t\t<\/div>\n\t\t<\/section>\n\t\t\t\t\t<\/div>\n\t\t<\/div>\n\t\t\t\t\t\t\t<\/div>\n\t\t<\/section>\n\t\t\t\t\t\t\t<\/div>\n\t\t","protected":false},"excerpt":{"rendered":"<p>Sema Marine D\u00fcz Duba &amp; Romork\u00f6r Neye ihtiya\u00e7 duydu\u011funuzu bize bildirin yeter. Misyonumuz Sema Marine &#8216;in misyonu, denizcilik sekt\u00f6r\u00fcn\u00fcn bir \u00fcyesi olarak; istisnai, g\u00fcvenli ve kaliteli hizmet sunmak. M\u00fc\u015fteri odakl\u0131 yakla\u015f\u0131m\u0131 sayesinde, m\u00fc\u015fterilerin hedeflerine ula\u015fmas\u0131n\u0131 sa\u011flamakt\u0131r. Vizyonumuz Vizyonumuz, siz de\u011ferli m\u00fc\u015fterilerimiz i\u00e7in d\u00fcz duba, mavna, pontoon, deniz in\u015faat\u0131 ekipmanlar\u0131 ve yeni in\u015faa hizmetleri sunarak, Karadeniz [&hellip;]<\/p>\n","protected":false},"author":1,"featured_media":0,"parent":0,"menu_order":0,"comment_status":"closed","ping_status":"closed","template":"page-templates\/pagebuilder.php","meta":{"footnotes":""},"class_list":["post-473","page","type-page","status-publish","hentry"],"_links":{"self":[{"href":"https:\/\/sema-marine.com\/web\/wp-json\/wp\/v2\/pages\/473","targetHints":{"allow":["GET"]}}],"collection":[{"href":"https:\/\/sema-marine.com\/web\/wp-json\/wp\/v2\/pages"}],"about":[{"href":"https:\/\/sema-marine.com\/web\/wp-json\/wp\/v2\/types\/page"}],"author":[{"embeddable":true,"href":"https:\/\/sema-marine.com\/web\/wp-json\/wp\/v2\/users\/1"}],"replies":[{"embeddable":true,"href":"https:\/\/sema-marine.com\/web\/wp-json\/wp\/v2\/comments?post=473"}],"version-history":[{"count":55,"href":"https:\/\/sema-marine.com\/web\/wp-json\/wp\/v2\/pages\/473\/revisions"}],"predecessor-version":[{"id":1406,"href":"https:\/\/sema-marine.com\/web\/wp-json\/wp\/v2\/pages\/473\/revisions\/1406"}],"wp:attachment":[{"href":"https:\/\/sema-marine.com\/web\/wp-json\/wp\/v2\/media?parent=473"}],"curies":[{"name":"wp","href":"https:\/\/api.w.org\/{rel}","templated":true}]}}