{"id":143,"date":"2018-08-08T06:01:07","date_gmt":"2018-08-08T06:01:07","guid":{"rendered":"https:\/\/demo.themegrill.com\/zakra-business\/?page_id=143"},"modified":"2020-08-29T22:10:26","modified_gmt":"2020-08-29T22:10:26","slug":"iletisim","status":"publish","type":"page","link":"https:\/\/sema-marine.com\/web\/iletisim\/","title":{"rendered":"\u0130leti\u015fim"},"content":{"rendered":"\t\t<div data-elementor-type=\"wp-post\" data-elementor-id=\"143\" class=\"elementor elementor-143\">\n\t\t\t\t\t\t\t\t\t<section class=\"elementor-section elementor-top-section elementor-element elementor-element-2b9bab4 elementor-section-stretched elementor-section-boxed elementor-section-height-default elementor-section-height-default\" data-id=\"2b9bab4\" data-element_type=\"section\" data-settings=\"{&quot;stretch_section&quot;:&quot;section-stretched&quot;,&quot;background_background&quot;:&quot;gradient&quot;}\">\n\t\t\t\t\t\t<div class=\"elementor-container elementor-column-gap-no\">\n\t\t\t\t\t<div class=\"elementor-column elementor-col-33 elementor-top-column elementor-element elementor-element-478888e\" data-id=\"478888e\" data-element_type=\"column\">\n\t\t\t<div class=\"elementor-widget-wrap\">\n\t\t\t\t\t\t\t\t\t<\/div>\n\t\t<\/div>\n\t\t\t\t<div class=\"elementor-column elementor-col-33 elementor-top-column elementor-element elementor-element-030134d\" data-id=\"030134d\" data-element_type=\"column\">\n\t\t\t<div class=\"elementor-widget-wrap elementor-element-populated\">\n\t\t\t\t\t\t\t\t<div class=\"elementor-element elementor-element-c9d1491 elementor-widget elementor-widget-heading\" data-id=\"c9d1491\" data-element_type=\"widget\" data-widget_type=\"heading.default\">\n\t\t\t\t<div class=\"elementor-widget-container\">\n\t\t\t<h1 class=\"elementor-heading-title elementor-size-xl\">Bize Ula\u015f\u0131n<\/h1>\t\t<\/div>\n\t\t\t\t<\/div>\n\t\t\t\t<div class=\"elementor-element elementor-element-c8f7200 elementor-widget elementor-widget-text-editor\" data-id=\"c8f7200\" data-element_type=\"widget\" data-widget_type=\"text-editor.default\">\n\t\t\t\t<div class=\"elementor-widget-container\">\n\t\t\t\t\t\t\t<p class=\"contact\">Sizlere hizmet vermek i\u00e7in buraday\u0131z!<\/p><p class=\"contact\">Bize ula\u015fmak i\u00e7in a\u015fa\u011f\u0131daki formu doldurman\u0131z yeterli.<\/p><p class=\"contact\">Bilgileriniz bize ula\u015f\u0131r ula\u015fmaz yetkilimiz sizinle ileti\u015fime ge\u00e7ecektir.<\/p>\t\t\t\t\t\t<\/div>\n\t\t\t\t<\/div>\n\t\t\t\t\t<\/div>\n\t\t<\/div>\n\t\t\t\t<div class=\"elementor-column elementor-col-33 elementor-top-column elementor-element elementor-element-df668db\" data-id=\"df668db\" data-element_type=\"column\">\n\t\t\t<div class=\"elementor-widget-wrap\">\n\t\t\t\t\t\t\t\t\t<\/div>\n\t\t<\/div>\n\t\t\t\t\t\t\t<\/div>\n\t\t<\/section>\n\t\t\t\t<section class=\"elementor-section elementor-top-section elementor-element elementor-element-a37c5c4 elementor-section-stretched elementor-section-boxed elementor-section-height-default elementor-section-height-default\" data-id=\"a37c5c4\" data-element_type=\"section\" data-settings=\"{&quot;stretch_section&quot;:&quot;section-stretched&quot;}\">\n\t\t\t\t\t\t<div class=\"elementor-container elementor-column-gap-no\">\n\t\t\t\t\t<div class=\"elementor-column elementor-col-50 elementor-top-column elementor-element elementor-element-c89cca6\" data-id=\"c89cca6\" data-element_type=\"column\">\n\t\t\t<div class=\"elementor-widget-wrap elementor-element-populated\">\n\t\t\t\t\t\t\t\t<div class=\"elementor-element elementor-element-7c99782 elementor-widget elementor-widget-shortcode\" data-id=\"7c99782\" data-element_type=\"widget\" data-widget_type=\"shortcode.default\">\n\t\t\t\t<div class=\"elementor-widget-container\">\n\t\t\t\t\t<div class=\"elementor-shortcode\"><div class=\"everest-forms\"><div class=\"evf-container default\" id=\"evf-146\"><form id=\"evf-form-146\" class=\"everest-form\" data-formid=\"146\" data-ajax_submission=\"0\" data-keyboard_friendly_form=\"0\" method=\"post\" enctype=\"multipart\/form-data\" action=\"\/web\/wp-json\/wp\/v2\/pages\/143\"><div class=\"evf-field-container\"><input type=\"hidden\" id=\"_wpnonce146\" name=\"_wpnonce146\" value=\"01463a57e2\" \/><input type=\"hidden\" name=\"_wp_http_referer\" value=\"\/web\/wp-json\/wp\/v2\/pages\/143\" \/><div class=\"evf-frontend-row\" data-row=\"row_1\" conditional_rules=\"[]\"><div class=\"evf-frontend-grid evf-grid-1\" data-grid=\"grid_1\"><div id=\"evf-146-field_fullname-container\" class=\"evf-field evf-field-text form-row validate-required\" data-required-field-message=\"L\u00fctfen Bu Alan\u0131 Doldurun\" data-field-id=\"fullname\"><label class=\"evf-field-label\" for=\"evf-146-field_fullname\"><span class=\"evf-label\">\u0130sim<\/span> <abbr class=\"required\" title=\"Required\">*<\/abbr><\/label><input type=\"text\" id=\"evf-146-field_fullname\" class=\"input-text\" name=\"everest_forms[form_fields][fullname]\" required><\/div><div id=\"evf-146-field_email-container\" class=\"evf-field evf-field-email form-row validate-required validate-email\" data-required-field-message=\"L\u00fctfen ge\u00e7erli bir E-mail adresi girin.\" data-field-id=\"email\"><label class=\"evf-field-label\" for=\"evf-146-field_email\"><span class=\"evf-label\">Email<\/span> <abbr class=\"required\" title=\"Required\">*<\/abbr><\/label><input type=\"email\" id=\"evf-146-field_email\" class=\"input-text\" name=\"everest_forms[form_fields][email]\" required ><\/div><div id=\"evf-146-field_subject-container\" class=\"evf-field evf-field-text form-row validate-required\" data-required-field-message=\"L\u00fctfen Bu Alan\u0131 Doldurun\" data-field-id=\"subject\"><label class=\"evf-field-label\" for=\"evf-146-field_subject\"><span class=\"evf-label\">Konu<\/span> <abbr class=\"required\" title=\"Required\">*<\/abbr><\/label><input type=\"text\" id=\"evf-146-field_subject\" class=\"input-text\" name=\"everest_forms[form_fields][subject]\" required><\/div><div id=\"evf-146-field_message-container\" class=\"evf-field evf-field-textarea form-row\" data-field-id=\"message\"><label class=\"evf-field-label\" for=\"evf-146-field_message\"><span class=\"evf-label\">Mesaj\u0131n\u0131z<\/span> <\/label><textarea id=\"evf-146-field_message\" class=\"input-text\" name=\"everest_forms[form_fields][message]\"  ><\/textarea><\/div><\/div><\/div><\/div><div class=\"evf-honeypot-container evf-field-hp\"><label for=\"evf-146-field-hp\" class=\"evf-field-label\">Email<\/label><input type=\"text\" name=\"everest_forms[hp]\" id=\"evf-146-field-hp\" class=\"input-text\"><\/div><div class=\"evf-recaptcha-container \" style=\"display:block\"><div class=\"g-recaptcha\" data-sitekey=\"6Lc0C7MZAAAAANAt-8FjwmxE-QgXnD0SBcKY9k6z\"><\/div><\/div><div class=\"evf-submit-container \" ><input type=\"hidden\" name=\"everest_forms[id]\" value=\"146\"><input type=\"hidden\" name=\"everest_forms[author]\" value=\"1\"><button type='submit' name='everest_forms[submit]' class='everest-forms-submit-button button evf-submit ' id='evf-submit-146' value='evf-submit' data-process-text=\"G\u00f6nderiliyor\" conditional_rules='&quot;&quot;' conditional_id='evf-submit-146'  id=\"evf-submit-146\" aria-live=\"assertive\">G\u00f6nder<\/button><\/div><\/form><\/div><!-- .evf-container --><\/div><\/div>\n\t\t\t\t<\/div>\n\t\t\t\t<\/div>\n\t\t\t\t\t<\/div>\n\t\t<\/div>\n\t\t\t\t<div class=\"elementor-column elementor-col-50 elementor-top-column elementor-element elementor-element-f22cd88\" data-id=\"f22cd88\" data-element_type=\"column\">\n\t\t\t<div class=\"elementor-widget-wrap elementor-element-populated\">\n\t\t\t\t\t\t\t\t<div class=\"elementor-element elementor-element-f12ba6f elementor-widget elementor-widget-text-editor\" data-id=\"f12ba6f\" data-element_type=\"widget\" data-widget_type=\"text-editor.default\">\n\t\t\t\t<div class=\"elementor-widget-container\">\n\t\t\t\t\t\t\t<p><span style=\"text-decoration: underline;\"><strong>E-Mail<\/strong>:<\/span><br \/><a href=\"mailto:info@semamarine.com\" target=\"_blank\" rel=\"noopener noreferrer\">info@semamarine.com<br \/><\/a><br \/><strong><span style=\"text-decoration: underline;\">Telefon:<\/span><br \/><\/strong>+90 ( 216 ) 395 06 63<br \/>+90 ( 216 ) 395 06 64<\/p><p><span style=\"text-decoration: underline;\"><strong>Fax:<\/strong><\/span><br \/>+90 (216 ) 395 07 04<\/p><p><span style=\"text-decoration: underline;\"><strong>Addres:<\/strong><\/span><br \/>Istasyon Cd. Ek-Er Is Merkezi No:106 K:3 34944 Tuzla<br \/>Istanbul Turkiye<\/p>\t\t\t\t\t\t<\/div>\n\t\t\t\t<\/div>\n\t\t\t\t\t<\/div>\n\t\t<\/div>\n\t\t\t\t\t\t\t<\/div>\n\t\t<\/section>\n\t\t\t\t<section class=\"elementor-section elementor-top-section elementor-element elementor-element-80b8af3 elementor-section-boxed elementor-section-height-default elementor-section-height-default\" data-id=\"80b8af3\" data-element_type=\"section\">\n\t\t\t\t\t\t<div class=\"elementor-container elementor-column-gap-default\">\n\t\t\t\t\t<div class=\"elementor-column elementor-col-100 elementor-top-column elementor-element elementor-element-3d6ba8a\" data-id=\"3d6ba8a\" data-element_type=\"column\">\n\t\t\t<div class=\"elementor-widget-wrap elementor-element-populated\">\n\t\t\t\t\t\t\t\t<div class=\"elementor-element elementor-element-069a457 elementor-widget elementor-widget-google_maps\" data-id=\"069a457\" data-element_type=\"widget\" data-widget_type=\"google_maps.default\">\n\t\t\t\t<div class=\"elementor-widget-container\">\n\t\t\t\t\t<div class=\"elementor-custom-embed\">\n\t\t\t<iframe loading=\"lazy\"\n\t\t\t\t\tsrc=\"https:\/\/maps.google.com\/maps?q=40%C2%B049%2717.8%22N%2029%C2%B018%2734.1%22E&#038;t=m&#038;z=15&#038;output=embed&#038;iwloc=near\"\n\t\t\t\t\ttitle=\"40\u00b049&#039;17.8&quot;N 29\u00b018&#039;34.1&quot;E\"\n\t\t\t\t\taria-label=\"40\u00b049&#039;17.8&quot;N 29\u00b018&#039;34.1&quot;E\"\n\t\t\t><\/iframe>\n\t\t<\/div>\n\t\t\t\t<\/div>\n\t\t\t\t<\/div>\n\t\t\t\t\t<\/div>\n\t\t<\/div>\n\t\t\t\t\t\t\t<\/div>\n\t\t<\/section>\n\t\t\t\t\t\t\t<\/div>\n\t\t","protected":false},"excerpt":{"rendered":"<p>Bize Ula\u015f\u0131n Sizlere hizmet vermek i\u00e7in buraday\u0131z! Bize ula\u015fmak i\u00e7in a\u015fa\u011f\u0131daki formu doldurman\u0131z yeterli. Bilgileriniz bize ula\u015f\u0131r ula\u015fmaz yetkilimiz sizinle ileti\u015fime ge\u00e7ecektir. E-Mail: info@semamarine.com Telefon: +90 ( 216 ) 395 06 63 +90 ( 216 ) 395 06 64 Fax: +90 (216 ) 395 07 04 Addres: Istasyon Cd. Ek-Er Is Merkezi No:106 K:3 34944 [&hellip;]<\/p>\n","protected":false},"author":1,"featured_media":0,"parent":0,"menu_order":0,"comment_status":"closed","ping_status":"closed","template":"elementor_header_footer","meta":{"footnotes":""},"class_list":["post-143","page","type-page","status-publish","hentry"],"_links":{"self":[{"href":"https:\/\/sema-marine.com\/web\/wp-json\/wp\/v2\/pages\/143","targetHints":{"allow":["GET"]}}],"collection":[{"href":"https:\/\/sema-marine.com\/web\/wp-json\/wp\/v2\/pages"}],"about":[{"href":"https:\/\/sema-marine.com\/web\/wp-json\/wp\/v2\/types\/page"}],"author":[{"embeddable":true,"href":"https:\/\/sema-marine.com\/web\/wp-json\/wp\/v2\/users\/1"}],"replies":[{"embeddable":true,"href":"https:\/\/sema-marine.com\/web\/wp-json\/wp\/v2\/comments?post=143"}],"version-history":[{"count":7,"href":"https:\/\/sema-marine.com\/web\/wp-json\/wp\/v2\/pages\/143\/revisions"}],"predecessor-version":[{"id":787,"href":"https:\/\/sema-marine.com\/web\/wp-json\/wp\/v2\/pages\/143\/revisions\/787"}],"wp:attachment":[{"href":"https:\/\/sema-marine.com\/web\/wp-json\/wp\/v2\/media?parent=143"}],"curies":[{"name":"wp","href":"https:\/\/api.w.org\/{rel}","templated":true}]}}