{"id":110,"date":"2018-08-08T04:42:46","date_gmt":"2018-08-08T04:42:46","guid":{"rendered":"https:\/\/demo.themegrill.com\/zakra-business\/?page_id=110"},"modified":"2021-03-15T14:38:40","modified_gmt":"2021-03-15T14:38:40","slug":"hakkimizda","status":"publish","type":"page","link":"https:\/\/sema-marine.com\/web\/hakkimizda\/","title":{"rendered":"Hakk\u0131m\u0131zda"},"content":{"rendered":"\t\t<div data-elementor-type=\"wp-post\" data-elementor-id=\"110\" class=\"elementor elementor-110\">\n\t\t\t\t\t\t\t\t\t<section class=\"elementor-section elementor-top-section elementor-element elementor-element-084bf40 elementor-section-stretched elementor-section-boxed elementor-section-height-default elementor-section-height-default\" data-id=\"084bf40\" data-element_type=\"section\" data-settings=\"{&quot;stretch_section&quot;:&quot;section-stretched&quot;,&quot;background_background&quot;:&quot;gradient&quot;}\">\n\t\t\t\t\t\t<div class=\"elementor-container elementor-column-gap-default\">\n\t\t\t\t\t<div class=\"elementor-column elementor-col-33 elementor-top-column elementor-element elementor-element-49d13e7\" data-id=\"49d13e7\" data-element_type=\"column\">\n\t\t\t<div class=\"elementor-widget-wrap\">\n\t\t\t\t\t\t\t\t\t<\/div>\n\t\t<\/div>\n\t\t\t\t<div class=\"elementor-column elementor-col-33 elementor-top-column elementor-element elementor-element-0fe7569\" data-id=\"0fe7569\" data-element_type=\"column\">\n\t\t\t<div class=\"elementor-widget-wrap elementor-element-populated\">\n\t\t\t\t\t\t\t\t<div class=\"elementor-element elementor-element-fa2dad7 elementor-widget elementor-widget-heading\" data-id=\"fa2dad7\" data-element_type=\"widget\" data-widget_type=\"heading.default\">\n\t\t\t\t<div class=\"elementor-widget-container\">\n\t\t\t<h1 class=\"elementor-heading-title elementor-size-xl\">Hakk\u0131m\u0131zda<\/h1>\t\t<\/div>\n\t\t\t\t<\/div>\n\t\t\t\t<div class=\"elementor-element elementor-element-027f61e elementor-widget elementor-widget-image\" data-id=\"027f61e\" data-element_type=\"widget\" data-widget_type=\"image.default\">\n\t\t\t\t<div class=\"elementor-widget-container\">\n\t\t\t\t\t\t\t\t\t\t\t\t\t\t\t<img fetchpriority=\"high\" decoding=\"async\" width=\"800\" height=\"200\" src=\"https:\/\/sema-marine.com\/web\/wp-content\/uploads\/2020\/08\/sema_marine_hakkimizda.jpg\" class=\"attachment-large size-large wp-image-552\" alt=\"Sema Marine Hakk\u0131m\u0131zda\" srcset=\"https:\/\/sema-marine.com\/web\/wp-content\/uploads\/2020\/08\/sema_marine_hakkimizda.jpg 800w, https:\/\/sema-marine.com\/web\/wp-content\/uploads\/2020\/08\/sema_marine_hakkimizda-300x75.jpg 300w, https:\/\/sema-marine.com\/web\/wp-content\/uploads\/2020\/08\/sema_marine_hakkimizda-768x192.jpg 768w\" sizes=\"(max-width: 800px) 100vw, 800px\" \/>\t\t\t\t\t\t\t\t\t\t\t\t\t\t\t<\/div>\n\t\t\t\t<\/div>\n\t\t\t\t<div class=\"elementor-element elementor-element-4243757 elementor-widget elementor-widget-text-editor\" data-id=\"4243757\" data-element_type=\"widget\" data-widget_type=\"text-editor.default\">\n\t\t\t\t<div class=\"elementor-widget-container\">\n\t\t\t\t\t\t\t<p style=\"text-align: left;\" align=\"justify\">\u015eirket, 2013 y\u0131l\u0131nda uzun seneler boyunca gerek t\u00fcrkiye ekonomisi, gerekse denizcilik sekt\u00f6r\u00fcnde lider firmalarda edinilen tecr\u00fcbe ve bilgi birikimleri sonucunda kurulmu\u015ftur. Uzman kadromuz bir \u00e7ok projede g\u00f6rev alm\u0131\u015f ve 1995 y\u0131l\u0131nda yine gemi kurtarma ve deniz in\u015faat\u0131 faaliyetleri konusunda ad\u0131ndan \u00e7ok s\u00f6z ettirmi\u015f bir firman\u0131n kurucu ortaklar\u0131ndan olup, b\u00fcy\u00fcmesinde etkin rol oynam\u0131\u015ft\u0131r. Profesyonel ekibimiz \u015fu anda ise SEMA MARINE ve DEN\u0130ZC\u0130L\u0130K LTD. \u015eT\u0130. firmas\u0131 \u00e7at\u0131s\u0131 alt\u0131nda hizmetlerine devam etmektedir.<\/p><p style=\"text-align: left;\" align=\"justify\">\u015eirket b\u00fcnyesinde sunulan hizmet alanlar\u0131 aras\u0131nda ba\u015fl\u0131ca faaliyetleri, kiral\u0131k duba, sat\u0131l\u0131k duba, vin\u00e7li duba olmakla beraber bu hizmetleri sunarken m\u00fc\u015fteri memnuniyetini en \u00fcst d\u00fczeyde sa\u011flamak ve yenilik\u00e7i fikirler ile hizmet kalitesini artt\u0131rarak, insan sa\u011fl\u0131\u011f\u0131, do\u011fal kaynaklar ve \u00e7evreyi korumay\u0131 temel ilke olarak edinmi\u015ftir.<\/p>\t\t\t\t\t\t<\/div>\n\t\t\t\t<\/div>\n\t\t\t\t\t<\/div>\n\t\t<\/div>\n\t\t\t\t<div class=\"elementor-column elementor-col-33 elementor-top-column elementor-element elementor-element-68ae9a5\" data-id=\"68ae9a5\" data-element_type=\"column\">\n\t\t\t<div class=\"elementor-widget-wrap\">\n\t\t\t\t\t\t\t\t\t<\/div>\n\t\t<\/div>\n\t\t\t\t\t\t\t<\/div>\n\t\t<\/section>\n\t\t\t\t<section class=\"elementor-section elementor-top-section elementor-element elementor-element-d774735 elementor-section-stretched elementor-section-boxed elementor-section-height-default elementor-section-height-default\" data-id=\"d774735\" data-element_type=\"section\" data-settings=\"{&quot;stretch_section&quot;:&quot;section-stretched&quot;,&quot;background_background&quot;:&quot;classic&quot;}\">\n\t\t\t\t\t\t<div class=\"elementor-container elementor-column-gap-default\">\n\t\t\t\t\t<div class=\"elementor-column elementor-col-50 elementor-top-column elementor-element elementor-element-b0084ee\" data-id=\"b0084ee\" data-element_type=\"column\">\n\t\t\t<div class=\"elementor-widget-wrap elementor-element-populated\">\n\t\t\t\t\t\t\t\t<div class=\"elementor-element elementor-element-46aa044 elementor-widget elementor-widget-heading\" data-id=\"46aa044\" data-element_type=\"widget\" data-widget_type=\"heading.default\">\n\t\t\t\t<div class=\"elementor-widget-container\">\n\t\t\t<h1 class=\"elementor-heading-title elementor-size-xl\">Tamamlanm\u0131\u015f Kira Projelerimiz<\/h1>\t\t<\/div>\n\t\t\t\t<\/div>\n\t\t\t\t<div class=\"elementor-element elementor-element-ed634e3 elementor-widget elementor-widget-text-editor\" data-id=\"ed634e3\" data-element_type=\"widget\" data-widget_type=\"text-editor.default\">\n\t\t\t\t<div class=\"elementor-widget-container\">\n\t\t\t\t\t\t\t<p>Ba\u015far\u0131 ile tamamlanm\u0131\u015f kira projelerimizden \u00f6rnekleri <a href=\"https:\/\/sema-marine.com\/web\/kira-proje\/\"><strong><span style=\"color: #ff0000;\">buradan<\/span><\/strong><\/a> inceleye bilirsiniz.<\/p>\t\t\t\t\t\t<\/div>\n\t\t\t\t<\/div>\n\t\t\t\t\t<\/div>\n\t\t<\/div>\n\t\t\t\t<div class=\"elementor-column elementor-col-50 elementor-top-column elementor-element elementor-element-3902a92\" data-id=\"3902a92\" data-element_type=\"column\">\n\t\t\t<div class=\"elementor-widget-wrap elementor-element-populated\">\n\t\t\t\t\t\t\t\t<div class=\"elementor-element elementor-element-ee335a7 elementor-widget elementor-widget-heading\" data-id=\"ee335a7\" data-element_type=\"widget\" data-widget_type=\"heading.default\">\n\t\t\t\t<div class=\"elementor-widget-container\">\n\t\t\t<h1 class=\"elementor-heading-title elementor-size-xl\">Fiyat Teklifi Al\u0131n<\/h1>\t\t<\/div>\n\t\t\t\t<\/div>\n\t\t\t\t<div class=\"elementor-element elementor-element-ac232ef elementor-widget elementor-widget-text-editor\" data-id=\"ac232ef\" data-element_type=\"widget\" data-widget_type=\"text-editor.default\">\n\t\t\t\t<div class=\"elementor-widget-container\">\n\t\t\t\t\t\t\t<p>25 y\u0131ll\u0131k tecr\u00fcbenin, projelerinizi ba\u015far\u0131 ile ger\u00e7ekle\u015ftirmesine izin verin. <span style=\"color: #ff0000;\"><a style=\"color: #ff0000;\" href=\"mailto:info@semamarine.com\">ileti\u015fim<\/a><\/span><\/p>\t\t\t\t\t\t<\/div>\n\t\t\t\t<\/div>\n\t\t\t\t\t<\/div>\n\t\t<\/div>\n\t\t\t\t\t\t\t<\/div>\n\t\t<\/section>\n\t\t\t\t\t\t\t<\/div>\n\t\t","protected":false},"excerpt":{"rendered":"<p>Hakk\u0131m\u0131zda \u015eirket, 2013 y\u0131l\u0131nda uzun seneler boyunca gerek t\u00fcrkiye ekonomisi, gerekse denizcilik sekt\u00f6r\u00fcnde lider firmalarda edinilen tecr\u00fcbe ve bilgi birikimleri sonucunda kurulmu\u015ftur. Uzman kadromuz bir \u00e7ok projede g\u00f6rev alm\u0131\u015f ve 1995 y\u0131l\u0131nda yine gemi kurtarma ve deniz in\u015faat\u0131 faaliyetleri konusunda ad\u0131ndan \u00e7ok s\u00f6z ettirmi\u015f bir firman\u0131n kurucu ortaklar\u0131ndan olup, b\u00fcy\u00fcmesinde etkin rol oynam\u0131\u015ft\u0131r. Profesyonel ekibimiz [&hellip;]<\/p>\n","protected":false},"author":1,"featured_media":0,"parent":0,"menu_order":0,"comment_status":"closed","ping_status":"closed","template":"elementor_header_footer","meta":{"footnotes":""},"class_list":["post-110","page","type-page","status-publish","hentry"],"_links":{"self":[{"href":"https:\/\/sema-marine.com\/web\/wp-json\/wp\/v2\/pages\/110","targetHints":{"allow":["GET"]}}],"collection":[{"href":"https:\/\/sema-marine.com\/web\/wp-json\/wp\/v2\/pages"}],"about":[{"href":"https:\/\/sema-marine.com\/web\/wp-json\/wp\/v2\/types\/page"}],"author":[{"embeddable":true,"href":"https:\/\/sema-marine.com\/web\/wp-json\/wp\/v2\/users\/1"}],"replies":[{"embeddable":true,"href":"https:\/\/sema-marine.com\/web\/wp-json\/wp\/v2\/comments?post=110"}],"version-history":[{"count":12,"href":"https:\/\/sema-marine.com\/web\/wp-json\/wp\/v2\/pages\/110\/revisions"}],"predecessor-version":[{"id":782,"href":"https:\/\/sema-marine.com\/web\/wp-json\/wp\/v2\/pages\/110\/revisions\/782"}],"wp:attachment":[{"href":"https:\/\/sema-marine.com\/web\/wp-json\/wp\/v2\/media?parent=110"}],"curies":[{"name":"wp","href":"https:\/\/api.w.org\/{rel}","templated":true}]}}